{"id":2,"date":"2026-02-10T14:14:52","date_gmt":"2026-02-10T11:14:52","guid":{"rendered":"https:\/\/www.aktel1.com\/wp2026\/?page_id=2"},"modified":"2026-02-11T16:00:36","modified_gmt":"2026-02-11T13:00:36","slug":"hizmetler","status":"publish","type":"page","link":"https:\/\/www.aktel1.com\/wp2026\/hizmetler\/","title":{"rendered":"H\u0130ZMETLER"},"content":{"rendered":"\n<p class=\"has-medium-font-size\">AKTEL 2001 y\u0131l\u0131ndan beri, &#8220;\u00c7EVREN\u0130N M\u00dcHEND\u0130S\u0130 VE DANI\u015eMANI&#8221; slogan\u0131 ile \u00e7evrenin ve do\u011fan\u0131n korunmas\u0131na y\u00f6nelik s\u00fcrd\u00fcr\u00fclebilirlik ilkeleri kapsam\u0131nda plan, proje, rapor, et\u00fcd, m\u00fchendislik, dan\u0131\u015fmanl\u0131k ve m\u00fc\u015favirlik hizmetleri vermektedir. <\/p>\n\n\n\n<ul class=\"wp-block-list\">\n<li>Enerji, sanayi, end\u00fcstri, altyap\u0131, madencilik, turizm, g\u0131da, tekstil gibi \u00c7ED y\u00f6netmeli\u011fine tabi t\u00fcm sekt\u00f6rler i\u00e7in, <strong>\u00c7evresel Etki De\u011ferlendirme (\u00c7ED) ve Proje Tan\u0131t\u0131m Dosyas\u0131 (PTD)<\/strong> haz\u0131rlamaktad\u0131r.<\/li>\n<\/ul>\n\n\n\n<p><\/p>\n\n\n\n<ul class=\"wp-block-list\">\n<li>\u00c7ED y\u00f6netmeli\u011fi kapsam\u0131nda, &#8220;\u00c7ED OLUMLU&#8221; karar\u0131 alan t\u00fcm projelerin <strong>PROJE \u0130LERLEME RAPORLARI (P\u0130R)<\/strong> haz\u0131rlanmaktad\u0131r.<\/li>\n<\/ul>\n\n\n\n<p><\/p>\n\n\n\n<ul class=\"wp-block-list\">\n<li><strong>D\u00fcnya Bankas\u0131, <\/strong>yerel ve uluslararas\u0131 bankalar ve kredi veren kurulu\u015flar i\u00e7in, <strong>\u00c7evresel ve Sosyal Etki Raporlar\u0131 haz\u0131rlanmaktad\u0131r.<\/strong><\/li>\n<\/ul>\n\n\n\n<p><\/p>\n\n\n\n<ul class=\"wp-block-list\">\n<li><strong>Aermod View<\/strong> &#8211; Hava Kalitesi Da\u011f\u0131l\u0131m Modeli gibi bir \u00e7ok \u00e7evresel yaz\u0131l\u0131mlar\u0131n T\u00fcrkiye ve Ortado\u011fu ana bayili\u011fini <strong>2008 y\u0131l\u0131ndan beri<\/strong> hizmet vermektediyiz. Bu kapsamda; <strong>yaz\u0131l\u0131m sat\u0131\u015f\u0131, e\u011fitim, model raporlar\u0131 gibi konularda hizmet vermekteyiz.<\/strong><\/li>\n<\/ul>\n\n\n\n<p><\/p>\n\n\n\n<ul class=\"wp-block-list\">\n<li>AKTEL, kara ve deniz alanlar\u0131ndaki do\u011fa koruma alanlar\u0131, \u00f6zel \u00e7evre alanlar\u0131, do\u011fal alanlar, sit alanlar\u0131, sulak alanlar, milli parklar gibi \u00e7ok hassas alanda bilimsel temelleri uzman akademisyenler ile birlikte <strong>biyolojik ve ekolojik de\u011ferlendirme raporu hizmetleri vermektedir. <\/strong><\/li>\n<\/ul>\n\n\n\n<p><\/p>\n\n\n\n<ul class=\"wp-block-list\">\n<li><strong>EPR<\/strong> (Extended Producer Responsibility)\u00a0\u2013 Geni\u015fletilmi\u015f \u00dcretici Sorumlulu\u011fu hizmetleri kapsam\u0131nda, <strong>online web siteleri \u00fczerinden<\/strong> (amazon, alibaba, aliexpres, ebay vb.) 30 \u00fclke i\u00e7in yap\u0131lacak sanal al\u0131\u015fveri\u015f i\u015flemlerinde, \u00fclkelere g\u00f6re ambalaj yasas\u0131 kapsam\u0131nda,\u00a0dijital uyum dan\u0131\u015fmanl\u0131k hizmeti\u00a0ve <strong>dijital geri kazan\u0131m linsans kodu<\/strong> hizmetleri verilmektedir.<\/li>\n<\/ul>\n\n\n\n<p><\/p>\n\n\n\n<ul class=\"wp-block-list\">\n<li><strong>At\u0131ksu Art\u0131ma Tesisleri ve Derin Deniz De\u015farj\u0131 genelgeleri <\/strong>kapsam\u0131nda, proje onay hizmetleri verilmektedir.<\/li>\n<\/ul>\n\n\n\n<p><\/p>\n\n\n\n<ul class=\"wp-block-list\">\n<li>R\u00fczgar Enerji Santraller i\u00e7in, g\u00f6lge, titre\u015fim (<strong>Shadow &amp; Flicker<\/strong>), g\u00f6rsel etki <strong>(ZVI<\/strong>) ve buz f\u0131rlatma (<strong>Ice Throw<\/strong>) model raporlar\u0131 haz\u0131rlanmaktad\u0131r.<\/li>\n<\/ul>\n\n\n\n<hr class=\"wp-block-separator has-text-color has-cyan-bluish-gray-color has-alpha-channel-opacity has-cyan-bluish-gray-background-color has-background is-style-wide\" style=\"margin-top:0px;margin-bottom:0px\"\/>\n\n\n\n<figure class=\"wp-block-table is-style-stripes\"><table><tbody><tr><td><img loading=\"lazy\" decoding=\"async\" width=\"300\" height=\"130\" class=\"wp-image-166\" style=\"width: 300px;\" src=\"https:\/\/www.aktel1.com\/wp2026\/wp-content\/uploads\/2026\/02\/image.png\" alt=\"\" srcset=\"https:\/\/www.aktel1.com\/wp2026\/wp-content\/uploads\/2026\/02\/image.png 1765w, https:\/\/www.aktel1.com\/wp2026\/wp-content\/uploads\/2026\/02\/image-300x130.png 300w, https:\/\/www.aktel1.com\/wp2026\/wp-content\/uploads\/2026\/02\/image-1024x443.png 1024w, https:\/\/www.aktel1.com\/wp2026\/wp-content\/uploads\/2026\/02\/image-768x332.png 768w, https:\/\/www.aktel1.com\/wp2026\/wp-content\/uploads\/2026\/02\/image-1536x664.png 1536w\" sizes=\"auto, (max-width: 300px) 100vw, 300px\" \/><br><\/td><td>Adres: 1330. Sokak No:16\/16 A\u015fa\u011f\u0131 \u00d6ve\u00e7ler \u2013 \u00c7ankaya \u2013 Ankara \u2013 T\u00fcrkiye<br>Telefon:&nbsp;+90 312 472 40 17<br>Mobil :&nbsp;+90 532 333 87 39<br><a href=\"https:\/\/www.aktel1.com\/\" target=\"_blank\" rel=\"noreferrer noopener\">web:&nbsp;http:\/\/www.aktel1.com<\/a><br>e-posta adreslerimiz:&nbsp;<a href=\"mailto:AKTEL@AKTEL1.COM\">AKTEL@AKTEL1.COM<\/a>&nbsp;;&nbsp;<a href=\"mailto:info@aktel1.com\">info@aktel1.com<\/a>&nbsp;;&nbsp;<a href=\"mailto:aktelmuhendislik@gmail.com\">aktelmuhendislik@gmail.com<\/a><br>KEP Hesab\u0131 :<a href=\"mailto:aktel@hs01.kep.tr\">aktel@hs01.kep.tr<\/a>&nbsp;<br>Google Haritalarda G\u00f6ster \/ Konum :&nbsp;<a href=\"https:\/\/goo.gl\/maps\/LGiBnXM2f7y\" target=\"_blank\" rel=\"noreferrer noopener\">https:\/\/goo.gl\/maps\/LGiBnXM2f7y<\/a><\/td><\/tr><\/tbody><\/table><\/figure>\n\n\n\n<hr class=\"wp-block-separator has-text-color has-cyan-bluish-gray-color has-alpha-channel-opacity has-cyan-bluish-gray-background-color has-background is-style-wide\" style=\"margin-top:0px;margin-bottom:0px\"\/>\n\n\n\n<figure class=\"wp-block-table is-style-stripes has-large-font-size\"><table class=\"has-ast-global-color-0-color has-text-color has-link-color has-fixed-layout\"><tbody><tr><td class=\"has-text-align-center\" data-align=\"center\"><strong><em>&#8220;\u00c7EVREN\u0130N M\u00dcHEND\u0130S\u0130 VE DANI\u015eMANI&#8221;<\/em><\/strong><\/td><\/tr><\/tbody><\/table><\/figure>\n\n\n\n<hr class=\"wp-block-separator has-text-color has-cyan-bluish-gray-color has-alpha-channel-opacity has-cyan-bluish-gray-background-color has-background is-style-wide\" style=\"margin-top:0px;margin-bottom:0px\"\/>\n\n\n\n<p><\/p>\n","protected":false},"excerpt":{"rendered":"<p>AKTEL 2001 y\u0131l\u0131ndan beri, &#8220;\u00c7EVREN\u0130N M\u00dcHEND\u0130S\u0130 VE DANI\u015eMANI&#8221; slogan\u0131 ile \u00e7evrenin ve do\u011fan\u0131n korunmas\u0131na y\u00f6nelik s\u00fcrd\u00fcr\u00fclebilirlik ilkeleri kapsam\u0131nda plan, proje, [&hellip;]<\/p>\n","protected":false},"author":1,"featured_media":0,"parent":0,"menu_order":2,"comment_status":"closed","ping_status":"closed","template":"","meta":{"site-sidebar-layout":"default","site-content-layout":"","ast-site-content-layout":"default","site-content-style":"default","site-sidebar-style":"default","ast-global-header-display":"","ast-banner-title-visibility":"","ast-main-header-display":"","ast-hfb-above-header-display":"","ast-hfb-below-header-display":"","ast-hfb-mobile-header-display":"","site-post-title":"","ast-breadcrumbs-content":"","ast-featured-img":"","footer-sml-layout":"","ast-disable-related-posts":"","theme-transparent-header-meta":"","adv-header-id-meta":"","stick-header-meta":"","header-above-stick-meta":"","header-main-stick-meta":"","header-below-stick-meta":"","astra-migrate-meta-layouts":"default","ast-page-background-enabled":"default","ast-page-background-meta":{"desktop":{"background-color":"var(--ast-global-color-5)","background-image":"","background-repeat":"repeat","background-position":"center center","background-size":"auto","background-attachment":"scroll","background-type":"","background-media":"","overlay-type":"","overlay-color":"","overlay-opacity":"","overlay-gradient":""},"tablet":{"background-color":"","background-image":"","background-repeat":"repeat","background-position":"center center","background-size":"auto","background-attachment":"scroll","background-type":"","background-media":"","overlay-type":"","overlay-color":"","overlay-opacity":"","overlay-gradient":""},"mobile":{"background-color":"","background-image":"","background-repeat":"repeat","background-position":"center center","background-size":"auto","background-attachment":"scroll","background-type":"","background-media":"","overlay-type":"","overlay-color":"","overlay-opacity":"","overlay-gradient":""}},"ast-content-background-meta":{"desktop":{"background-color":"var(--ast-global-color-4)","background-image":"","background-repeat":"repeat","background-position":"center center","background-size":"auto","background-attachment":"scroll","background-type":"","background-media":"","overlay-type":"","overlay-color":"","overlay-opacity":"","overlay-gradient":""},"tablet":{"background-color":"var(--ast-global-color-4)","background-image":"","background-repeat":"repeat","background-position":"center center","background-size":"auto","background-attachment":"scroll","background-type":"","background-media":"","overlay-type":"","overlay-color":"","overlay-opacity":"","overlay-gradient":""},"mobile":{"background-color":"var(--ast-global-color-4)","background-image":"","background-repeat":"repeat","background-position":"center center","background-size":"auto","background-attachment":"scroll","background-type":"","background-media":"","overlay-type":"","overlay-color":"","overlay-opacity":"","overlay-gradient":""}},"footnotes":""},"class_list":["post-2","page","type-page","status-publish","hentry"],"_links":{"self":[{"href":"https:\/\/www.aktel1.com\/wp2026\/wp-json\/wp\/v2\/pages\/2","targetHints":{"allow":["GET"]}}],"collection":[{"href":"https:\/\/www.aktel1.com\/wp2026\/wp-json\/wp\/v2\/pages"}],"about":[{"href":"https:\/\/www.aktel1.com\/wp2026\/wp-json\/wp\/v2\/types\/page"}],"author":[{"embeddable":true,"href":"https:\/\/www.aktel1.com\/wp2026\/wp-json\/wp\/v2\/users\/1"}],"replies":[{"embeddable":true,"href":"https:\/\/www.aktel1.com\/wp2026\/wp-json\/wp\/v2\/comments?post=2"}],"version-history":[{"count":21,"href":"https:\/\/www.aktel1.com\/wp2026\/wp-json\/wp\/v2\/pages\/2\/revisions"}],"predecessor-version":[{"id":469,"href":"https:\/\/www.aktel1.com\/wp2026\/wp-json\/wp\/v2\/pages\/2\/revisions\/469"}],"wp:attachment":[{"href":"https:\/\/www.aktel1.com\/wp2026\/wp-json\/wp\/v2\/media?parent=2"}],"curies":[{"name":"wp","href":"https:\/\/api.w.org\/{rel}","templated":true}]}}