{"id":227,"date":"2026-02-11T09:02:07","date_gmt":"2026-02-11T06:02:07","guid":{"rendered":"https:\/\/www.aktel1.com\/wp2026\/?page_id=227"},"modified":"2026-02-11T15:42:25","modified_gmt":"2026-02-11T12:42:25","slug":"ik-staj","status":"publish","type":"page","link":"https:\/\/www.aktel1.com\/wp2026\/ik-staj\/","title":{"rendered":"\u0130K &amp; STAJ"},"content":{"rendered":"\n<p class=\"has-medium-font-size\">\u0130NSAN KAYNAKLARI &amp; STAJYER \u00d6\u011eRENC\u0130<\/p>\n\n\n\n<figure class=\"wp-block-table is-style-stripes\"><table class=\"has-fixed-layout\"><tbody><tr><td class=\"has-text-align-center\" data-align=\"center\"><img loading=\"lazy\" decoding=\"async\" width=\"300\" height=\"296\" class=\"wp-image-265\" style=\"width: 300px;\" src=\"https:\/\/www.aktel1.com\/wp2026\/wp-content\/uploads\/2026\/02\/insan_kaynaklari.jpg\" alt=\"\"><br>\u00d6zge\u00e7mi\u015f bilgilerinizi iletiniz.<\/td><td class=\"has-text-align-center\" data-align=\"center\"><img loading=\"lazy\" decoding=\"async\" width=\"300\" height=\"225\" class=\"wp-image-266\" style=\"width: 300px;\" src=\"https:\/\/www.aktel1.com\/wp2026\/wp-content\/uploads\/2026\/02\/staj_2.jpg\" alt=\"\" srcset=\"https:\/\/www.aktel1.com\/wp2026\/wp-content\/uploads\/2026\/02\/staj_2.jpg 640w, https:\/\/www.aktel1.com\/wp2026\/wp-content\/uploads\/2026\/02\/staj_2-300x225.jpg 300w\" sizes=\"auto, (max-width: 300px) 100vw, 300px\" \/><br>Stayer \u00f6\u011frenci ba\u015fvurusu i\u00e7in, \u00f6zge\u00e7mi\u015f ve staj tarihlerini bize iletiniz.<\/td><\/tr><\/tbody><\/table><\/figure>\n\n\n\n<p class=\"has-text-align-center\"><a href=\"mailto:info@aktel1.com\">info@aktel1.com<\/a><br><a href=\"mailto:aktelmuhendislik@gmail.com\">aktelmuhendislik@gmail.com<\/a><\/p>\n\n\n\n<hr class=\"wp-block-separator has-text-color has-cyan-bluish-gray-color has-alpha-channel-opacity has-cyan-bluish-gray-background-color has-background is-style-wide\" style=\"margin-top:0px;margin-bottom:0px\"\/>\n\n\n\n<figure class=\"wp-block-table is-style-stripes\"><table><tbody><tr><td><img loading=\"lazy\" decoding=\"async\" width=\"300\" height=\"130\" class=\"wp-image-166\" style=\"width: 300px;\" src=\"https:\/\/www.aktel1.com\/wp2026\/wp-content\/uploads\/2026\/02\/image.png\" alt=\"\" srcset=\"https:\/\/www.aktel1.com\/wp2026\/wp-content\/uploads\/2026\/02\/image.png 1765w, https:\/\/www.aktel1.com\/wp2026\/wp-content\/uploads\/2026\/02\/image-300x130.png 300w, https:\/\/www.aktel1.com\/wp2026\/wp-content\/uploads\/2026\/02\/image-1024x443.png 1024w, https:\/\/www.aktel1.com\/wp2026\/wp-content\/uploads\/2026\/02\/image-768x332.png 768w, https:\/\/www.aktel1.com\/wp2026\/wp-content\/uploads\/2026\/02\/image-1536x664.png 1536w\" sizes=\"auto, (max-width: 300px) 100vw, 300px\" \/><br><\/td><td>Adres: 1330. Sokak No:16\/16 A\u015fa\u011f\u0131 \u00d6ve\u00e7ler \u2013 \u00c7ankaya \u2013 Ankara \u2013 T\u00fcrkiye<br>Telefon:&nbsp;+90 312 472 40 17<br>Mobil :&nbsp;+90 532 333 87 39<br><a href=\"https:\/\/www.aktel1.com\/\" target=\"_blank\" rel=\"noreferrer noopener\">web:&nbsp;http:\/\/www.aktel1.com<\/a><br>e-posta adreslerimiz:&nbsp;<a href=\"mailto:AKTEL@AKTEL1.COM\">AKTEL@AKTEL1.COM<\/a>&nbsp;;&nbsp;<a href=\"mailto:info@aktel1.com\">info@aktel1.com<\/a>&nbsp;;&nbsp;<a href=\"mailto:aktelmuhendislik@gmail.com\">aktelmuhendislik@gmail.com<\/a><br>KEP Hesab\u0131 :<a href=\"mailto:aktel@hs01.kep.tr\">aktel@hs01.kep.tr<\/a>&nbsp;<br>Google Haritalarda G\u00f6ster \/ Konum :&nbsp;<a href=\"https:\/\/goo.gl\/maps\/LGiBnXM2f7y\" target=\"_blank\" rel=\"noreferrer noopener\">https:\/\/goo.gl\/maps\/LGiBnXM2f7y<\/a><\/td><\/tr><\/tbody><\/table><\/figure>\n\n\n\n<hr class=\"wp-block-separator has-text-color has-cyan-bluish-gray-color has-alpha-channel-opacity has-cyan-bluish-gray-background-color has-background is-style-wide\" style=\"margin-top:0px;margin-bottom:0px\"\/>\n\n\n\n<figure class=\"wp-block-table is-style-stripes has-large-font-size\"><table class=\"has-ast-global-color-0-color has-text-color has-link-color has-fixed-layout\"><tbody><tr><td class=\"has-text-align-center\" data-align=\"center\"><strong><em>&#8220;\u00c7EVREN\u0130N M\u00dcHEND\u0130S\u0130 VE DANI\u015eMANI&#8221;<\/em><\/strong><\/td><\/tr><\/tbody><\/table><\/figure>\n\n\n\n<hr class=\"wp-block-separator has-text-color has-cyan-bluish-gray-color has-alpha-channel-opacity has-cyan-bluish-gray-background-color has-background is-style-wide\" style=\"margin-top:0px;margin-bottom:0px\"\/>\n\n\n\n<p><\/p>\n","protected":false},"excerpt":{"rendered":"<p>\u0130NSAN KAYNAKLARI &amp; STAJYER \u00d6\u011eRENC\u0130 \u00d6zge\u00e7mi\u015f bilgilerinizi iletiniz. Stayer \u00f6\u011frenci ba\u015fvurusu i\u00e7in, \u00f6zge\u00e7mi\u015f ve staj tarihlerini bize iletiniz. info@aktel1.comaktelmuhendislik@gmail.com Adres: [&hellip;]<\/p>\n","protected":false},"author":1,"featured_media":0,"parent":0,"menu_order":5,"comment_status":"closed","ping_status":"closed","template":"","meta":{"site-sidebar-layout":"default","site-content-layout":"","ast-site-content-layout":"default","site-content-style":"default","site-sidebar-style":"default","ast-global-header-display":"","ast-banner-title-visibility":"","ast-main-header-display":"","ast-hfb-above-header-display":"","ast-hfb-below-header-display":"","ast-hfb-mobile-header-display":"","site-post-title":"","ast-breadcrumbs-content":"","ast-featured-img":"","footer-sml-layout":"","ast-disable-related-posts":"","theme-transparent-header-meta":"","adv-header-id-meta":"","stick-header-meta":"","header-above-stick-meta":"","header-main-stick-meta":"","header-below-stick-meta":"","astra-migrate-meta-layouts":"default","ast-page-background-enabled":"default","ast-page-background-meta":{"desktop":{"background-color":"var(--ast-global-color-5)","background-image":"","background-repeat":"repeat","background-position":"center center","background-size":"auto","background-attachment":"scroll","background-type":"","background-media":"","overlay-type":"","overlay-color":"","overlay-opacity":"","overlay-gradient":""},"tablet":{"background-color":"","background-image":"","background-repeat":"repeat","background-position":"center center","background-size":"auto","background-attachment":"scroll","background-type":"","background-media":"","overlay-type":"","overlay-color":"","overlay-opacity":"","overlay-gradient":""},"mobile":{"background-color":"","background-image":"","background-repeat":"repeat","background-position":"center center","background-size":"auto","background-attachment":"scroll","background-type":"","background-media":"","overlay-type":"","overlay-color":"","overlay-opacity":"","overlay-gradient":""}},"ast-content-background-meta":{"desktop":{"background-color":"var(--ast-global-color-4)","background-image":"","background-repeat":"repeat","background-position":"center center","background-size":"auto","background-attachment":"scroll","background-type":"","background-media":"","overlay-type":"","overlay-color":"","overlay-opacity":"","overlay-gradient":""},"tablet":{"background-color":"var(--ast-global-color-4)","background-image":"","background-repeat":"repeat","background-position":"center center","background-size":"auto","background-attachment":"scroll","background-type":"","background-media":"","overlay-type":"","overlay-color":"","overlay-opacity":"","overlay-gradient":""},"mobile":{"background-color":"var(--ast-global-color-4)","background-image":"","background-repeat":"repeat","background-position":"center center","background-size":"auto","background-attachment":"scroll","background-type":"","background-media":"","overlay-type":"","overlay-color":"","overlay-opacity":"","overlay-gradient":""}},"footnotes":""},"class_list":["post-227","page","type-page","status-publish","hentry"],"_links":{"self":[{"href":"https:\/\/www.aktel1.com\/wp2026\/wp-json\/wp\/v2\/pages\/227","targetHints":{"allow":["GET"]}}],"collection":[{"href":"https:\/\/www.aktel1.com\/wp2026\/wp-json\/wp\/v2\/pages"}],"about":[{"href":"https:\/\/www.aktel1.com\/wp2026\/wp-json\/wp\/v2\/types\/page"}],"author":[{"embeddable":true,"href":"https:\/\/www.aktel1.com\/wp2026\/wp-json\/wp\/v2\/users\/1"}],"replies":[{"embeddable":true,"href":"https:\/\/www.aktel1.com\/wp2026\/wp-json\/wp\/v2\/comments?post=227"}],"version-history":[{"count":8,"href":"https:\/\/www.aktel1.com\/wp2026\/wp-json\/wp\/v2\/pages\/227\/revisions"}],"predecessor-version":[{"id":435,"href":"https:\/\/www.aktel1.com\/wp2026\/wp-json\/wp\/v2\/pages\/227\/revisions\/435"}],"wp:attachment":[{"href":"https:\/\/www.aktel1.com\/wp2026\/wp-json\/wp\/v2\/media?parent=227"}],"curies":[{"name":"wp","href":"https:\/\/api.w.org\/{rel}","templated":true}]}}